{"id":4716,"date":"2017-07-10T20:33:28","date_gmt":"2017-07-10T20:33:28","guid":{"rendered":"https:\/\/usasim.webmatic.be\/?post_type=product&#038;p=4716"},"modified":"2025-04-29T11:16:39","modified_gmt":"2025-04-29T09:16:39","slug":"usa-sim-blue-3-2","status":"publish","type":"product","link":"https:\/\/usasim.digiperksmarketing.com\/fr\/produit\/usa-sim-blue-3-2\/","title":{"rendered":"USA SIM BLUE"},"content":{"rendered":"<h2><strong>USA SIM \u2013 BUNDEL BLUE<\/strong><\/h2>\n<h2><\/h2>\n<h2><span style=\"color: #205faa;\"><strong>R\u00c9SEAU<\/strong><\/span><\/h2>\n<p>Ce forfait fonctionne sur le r\u00e9seau AT&amp;T.<\/p>\n<h2><span style=\"color: #205faa;\"><strong>MON SMARTPHONE OU MA TABLETTE EST-IL COMPATIBLE AVEC AT&amp;T ?<\/strong><\/span><\/h2>\n<p><a href=\"https:\/\/www.att.com\/idpassets\/images\/support\/pdf\/Devices-Working-on-ATT-Network.pdf\" target=\"_blank\" rel=\"noopener\">Via ce lien<\/a> vous pouvez v\u00e9rifier la compatibilit\u00e9 de votre appareil.<\/p>\n<h2><span style=\"color: #205faa;\"><strong>DONN\u00c9ES<\/strong><\/span><\/h2>\n<p>Le forfait Bleu contient des donn\u00e9es illimit\u00e9es. Les donn\u00e9es sont \u00e0 la vitesse 4G, lorsque vous d\u00e9passez votre forfait de donn\u00e9es, la vitesse sera limit\u00e9e \u00e0 128 Kbps.<\/p>\n<h2><span style=\"color: #205faa;\"><strong>PERIODE<\/strong><\/span><\/h2>\n<p>La carte SIM USA reste valide pendant 30 jours apr\u00e8s son activation. Un deuxi\u00e8me mois est facultatif.<\/p>\n<h2><span style=\"color: #205faa;\"><strong>APPELS \/ TEXTOS<\/strong><\/span><\/h2>\n<p>Vous pouvez\u00a0<strong>appels illimit\u00e9s<\/strong> \u00e0<b>:<\/b><\/p>\n<p><i class=\"fa fa-check\" style=\"color: #32c346;\"><\/i> Tous les num\u00e9ros am\u00e9ricains<\/p>\n<p>Vous pouvez <strong>textos illimit\u00e9s<\/strong> \u00e0 tous les num\u00e9ros <strong>mondial<\/strong>.<\/p>\n<h2><span style=\"color: #205faa;\"><strong>EXP\u00c9DITION<\/strong><\/span><\/h2>\n<p>Une fois que vous avez command\u00e9 la carte SIM, elle vous sera envoy\u00e9e gratuitement dans les 7 jours. C'est urgent ? Choisissez la livraison rapide (3 jours ouvrables) lors du passage \u00e0 la caisse !<\/p>\n<h2><span style=\"color: #205faa;\"><strong>ACTIVIT\u00c9<\/strong><\/span><\/h2>\n<p>La carte SIM sera activ\u00e9e par nos soins un jour avant votre d\u00e9part et restera valide pour une dur\u00e9e totale de 30 jours, sauf si vous avez opt\u00e9 pour un mois suppl\u00e9mentaire.<\/p>\n<h2><span style=\"color: #205faa;\"><strong>COMMENT CELA FONCTIONNE-T-IL ?<\/strong><\/span><\/h2>\n<p>Une fois arriv\u00e9 aux \u00c9tats-Unis, il est pr\u00e9f\u00e9rable d'\u00e9teindre votre smartphone, puis d'ins\u00e9rer la carte SIM. Vous recevrez un message texte avec votre nouveau num\u00e9ro am\u00e9ricain. Votre t\u00e9l\u00e9phone est maintenant pr\u00eat \u00e0 \u00eatre utilis\u00e9.<\/p>\n<p>Les param\u00e8tres de donn\u00e9es sont automatiquement ajust\u00e9s sur votre appareil. Si ce n'est pas le cas, veuillez consulter notre rubrique\u00a0<a href=\"https:\/\/usasim.digiperksmarketing.com\/fr\/faqs\/\">FAQs<\/a>\u00a0pour obtenir les informations correctes.<\/p>\n<p>Vous restez accessible sur tous les m\u00e9dias sociaux et il est m\u00eame possible de rester accessible sur votre num\u00e9ro actuel via Whatsapp. Dans le\u00a0<a href=\"https:\/\/usasim.digiperksmarketing.com\/fr\/faqs\/\">FAQs<\/a>\u00a0est expliqu\u00e9 comment !<\/p>\n<h2><span style=\"color: #205faa;\"><strong>CARTE SIM<\/strong><\/span><\/h2>\n<p>Vous obtiendrez une carte SIM 3-en-1 ou une eSIM.<br \/>\nIl s'agit de cartes SIM universelles, adapt\u00e9es \u00e0 tous les t\u00e9l\u00e9phones mobiles. \u00c0 premi\u00e8re vue, elles semblent avoir la m\u00eame taille qu'une carte SIM standard, mais vous pouvez facilement y glisser une micro ou nano carte SIM.<\/p>\n<h2><span style=\"color: #205faa;\"><strong>COMMENT EST LA COUVERTURE ?<\/strong><\/span><\/h2>\n<p>Le r\u00e9seau de pyl\u00f4nes de transmission de la t\u00e9l\u00e9phonie mobile aux \u00c9tats-Unis n'est pas aussi \u00e9tendu qu'aux Pays-Bas et en Belgique. La couverture, notamment dans les zones recul\u00e9es, est donc inf\u00e9rieure \u00e0 celle \u00e0 laquelle nous sommes habitu\u00e9s.<br \/>\n<a href=\"https:\/\/www.att.com\/maps\/wireless-coverage.html\" target=\"_blank\" rel=\"noopener\">Consultez la couverture de cette offre group\u00e9e ici<\/a>.<\/p>\n<p><em>USA Sim ne peut \u00eatre tenu responsable des probl\u00e8mes techniques, de qualit\u00e9 et de compatibilit\u00e9 avec le sim<\/em><\/p>","protected":false},"excerpt":{"rendered":"<p><i class=\"fa fa-check\" style=\"color: #32c346;\"><\/i> R\u00e9seau AT&amp;T<br \/>\n<i class=\"fa fa-check\" style=\"color: #32c346;\"><\/i> Data illimit\u00e9es<br \/>\n<i class=\"fa fa-check\" style=\"color: #32c346;\"><\/i> Valable pour 30 jours<br \/>\n<i class=\"fa fa-check\" style=\"color: #32c346;\"><\/i> Appels \/ sms illimit\u00e9s aux \u00c9tats-Unis<br \/>\n<i class=\"fa fa-check\" style=\"color: #32c346;\"><\/i> SMS illimit\u00e9s dans le monde entier<br \/>\n<i class=\"fa fa-times\" style=\"color: #ec1313;\"><\/i> Appels illimit\u00e9s vers les num\u00e9ros fixes et mobiles des Pays-Bas et de la Belgique.<br \/>\n<i class=\"fa fa-check\" style=\"color: #32c346;\"><\/i> Disponible comme eSIM<br \/>\n<i class=\"fa fa-times\" style=\"color: #ec1313;\"><\/i> Hotspot (tethering)<br \/>\n<i class=\"fa fa-check\" style=\"color: #32c346;\"><\/i> Fonctionne \u00e9galement au Canada et au Mexique<\/p>","protected":false},"featured_media":75,"comment_status":"open","ping_status":"closed","template":"","meta":{"_kad_post_transparent":"","_kad_post_title":"","_kad_post_layout":"","_kad_post_sidebar_id":"","_kad_post_content_style":"","_kad_post_vertical_padding":"","_kad_post_feature":"","_kad_post_feature_position":"","_kad_post_header":false,"_kad_post_footer":false,"_kad_post_classname":""},"product_brand":[],"product_cat":[],"product_tag":[],"class_list":{"0":"post-4716","1":"product","2":"type-product","3":"status-publish","4":"has-post-thumbnail","6":"tm-has-options","8":"first","9":"outofstock","10":"sale","11":"taxable","12":"shipping-taxable","13":"purchasable","14":"product-type-simple","15":"entry","16":"content-bg","17":"loop-entry"},"yoast_head":"<!-- This site is optimized with the Yoast SEO plugin v27.1.1 - https:\/\/yoast.com\/product\/yoast-seo-wordpress\/ -->\n<title>USA SIM BLUE - USA SIM<\/title>\n<meta name=\"robots\" content=\"noindex, follow, max-snippet:-1, max-image-preview:large, max-video-preview:-1\" \/>\n<meta property=\"og:locale\" content=\"fr_FR\" \/>\n<meta property=\"og:type\" content=\"article\" \/>\n<meta property=\"og:title\" content=\"USA SIM BLUE - USA SIM\" \/>\n<meta property=\"og:description\" content=\"AT&amp;T Netwerk  Onbeperkte data  30 dagen geldig  Onbeperkt bellen \/ sms&#039;en in de VS  Onbeperkt sms&#039;en wereldwijd  Onbeperkt bellen naar Nederland &amp; Belgi\u00eb vaste en mobiele nummers  Beschikbaar als eSIM  Hotspot (tethering)  Werkt ook in Canada &amp; Mexico\" \/>\n<meta property=\"og:url\" content=\"https:\/\/usasim.digiperksmarketing.com\/fr\/produit\/usa-sim-blue-3-2\/\" \/>\n<meta property=\"og:site_name\" content=\"USA SIM\" \/>\n<meta property=\"article:publisher\" content=\"https:\/\/www.facebook.com\/usasim.net\" \/>\n<meta property=\"article:modified_time\" content=\"2025-04-29T09:16:39+00:00\" \/>\n<meta property=\"og:image\" content=\"https:\/\/usasim.digiperksmarketing.com\/wp-content\/uploads\/2016\/08\/sim-card-usasim.png\" \/>\n\t<meta property=\"og:image:width\" content=\"500\" \/>\n\t<meta property=\"og:image:height\" content=\"400\" \/>\n\t<meta property=\"og:image:type\" content=\"image\/png\" \/>\n<meta name=\"twitter:card\" content=\"summary_large_image\" \/>\n<meta name=\"twitter:label1\" content=\"Dur\u00e9e de lecture estim\u00e9e\" \/>\n\t<meta name=\"twitter:data1\" content=\"2 minutes\" \/>\n<script type=\"application\/ld+json\" class=\"yoast-schema-graph\">{\"@context\":\"https:\/\/schema.org\",\"@graph\":[{\"@type\":\"WebPage\",\"@id\":\"https:\/\/usasim.digiperksmarketing.com\/product\/usa-sim-blue-3\/\",\"url\":\"https:\/\/usasim.digiperksmarketing.com\/product\/usa-sim-blue-3\/\",\"name\":\"USA SIM BLUE - USA SIM\",\"isPartOf\":{\"@id\":\"https:\/\/usasim.digiperksmarketing.com\/#website\"},\"primaryImageOfPage\":{\"@id\":\"https:\/\/usasim.digiperksmarketing.com\/product\/usa-sim-blue-3\/#primaryimage\"},\"image\":{\"@id\":\"https:\/\/usasim.digiperksmarketing.com\/product\/usa-sim-blue-3\/#primaryimage\"},\"thumbnailUrl\":\"https:\/\/usasim.digiperksmarketing.com\/wp-content\/uploads\/2016\/08\/sim-card-usasim.png\",\"datePublished\":\"2017-07-10T20:33:28+00:00\",\"dateModified\":\"2025-04-29T09:16:39+00:00\",\"breadcrumb\":{\"@id\":\"https:\/\/usasim.digiperksmarketing.com\/product\/usa-sim-blue-3\/#breadcrumb\"},\"inLanguage\":\"fr-FR\",\"potentialAction\":[{\"@type\":\"ReadAction\",\"target\":[\"https:\/\/usasim.digiperksmarketing.com\/product\/usa-sim-blue-3\/\"]}]},{\"@type\":\"ImageObject\",\"inLanguage\":\"fr-FR\",\"@id\":\"https:\/\/usasim.digiperksmarketing.com\/product\/usa-sim-blue-3\/#primaryimage\",\"url\":\"https:\/\/usasim.digiperksmarketing.com\/wp-content\/uploads\/2016\/08\/sim-card-usasim.png\",\"contentUrl\":\"https:\/\/usasim.digiperksmarketing.com\/wp-content\/uploads\/2016\/08\/sim-card-usasim.png\",\"width\":500,\"height\":400,\"caption\":\"USA Sim Gold: Simkaart vs kopen\"},{\"@type\":\"BreadcrumbList\",\"@id\":\"https:\/\/usasim.digiperksmarketing.com\/product\/usa-sim-blue-3\/#breadcrumb\",\"itemListElement\":[{\"@type\":\"ListItem\",\"position\":1,\"name\":\"Home\",\"item\":\"https:\/\/usasim.digiperksmarketing.com\/\"},{\"@type\":\"ListItem\",\"position\":2,\"name\":\"Winkel\",\"item\":\"https:\/\/usasim.digiperksmarketing.com\/winkel\/\"},{\"@type\":\"ListItem\",\"position\":3,\"name\":\"USA SIM BLUE\"}]},{\"@type\":\"WebSite\",\"@id\":\"https:\/\/usasim.digiperksmarketing.com\/#website\",\"url\":\"https:\/\/usasim.digiperksmarketing.com\/\",\"name\":\"USA SIM\",\"description\":\"Amerikaanse simkaart\",\"potentialAction\":[{\"@type\":\"SearchAction\",\"target\":{\"@type\":\"EntryPoint\",\"urlTemplate\":\"https:\/\/usasim.digiperksmarketing.com\/?s={search_term_string}\"},\"query-input\":{\"@type\":\"PropertyValueSpecification\",\"valueRequired\":true,\"valueName\":\"search_term_string\"}}],\"inLanguage\":\"fr-FR\"}]}<\/script>\n<!-- \/ Yoast SEO plugin. -->","yoast_head_json":{"title":"USA SIM BLUE - USA SIM","robots":{"index":"noindex","follow":"follow","max-snippet":"max-snippet:-1","max-image-preview":"max-image-preview:large","max-video-preview":"max-video-preview:-1"},"og_locale":"fr_FR","og_type":"article","og_title":"USA SIM BLUE - USA SIM","og_description":"AT&amp;T Netwerk  Onbeperkte data  30 dagen geldig  Onbeperkt bellen \/ sms'en in de VS  Onbeperkt sms'en wereldwijd  Onbeperkt bellen naar Nederland &amp; Belgi\u00eb vaste en mobiele nummers  Beschikbaar als eSIM  Hotspot (tethering)  Werkt ook in Canada &amp; Mexico","og_url":"https:\/\/usasim.digiperksmarketing.com\/fr\/produit\/usa-sim-blue-3-2\/","og_site_name":"USA SIM","article_publisher":"https:\/\/www.facebook.com\/usasim.net","article_modified_time":"2025-04-29T09:16:39+00:00","og_image":[{"width":500,"height":400,"url":"https:\/\/usasim.digiperksmarketing.com\/wp-content\/uploads\/2016\/08\/sim-card-usasim.png","type":"image\/png"}],"twitter_card":"summary_large_image","twitter_misc":{"Dur\u00e9e de lecture estim\u00e9e":"2 minutes"},"schema":{"@context":"https:\/\/schema.org","@graph":[{"@type":"WebPage","@id":"https:\/\/usasim.digiperksmarketing.com\/product\/usa-sim-blue-3\/","url":"https:\/\/usasim.digiperksmarketing.com\/product\/usa-sim-blue-3\/","name":"USA SIM BLUE - USA SIM","isPartOf":{"@id":"https:\/\/usasim.digiperksmarketing.com\/#website"},"primaryImageOfPage":{"@id":"https:\/\/usasim.digiperksmarketing.com\/product\/usa-sim-blue-3\/#primaryimage"},"image":{"@id":"https:\/\/usasim.digiperksmarketing.com\/product\/usa-sim-blue-3\/#primaryimage"},"thumbnailUrl":"https:\/\/usasim.digiperksmarketing.com\/wp-content\/uploads\/2016\/08\/sim-card-usasim.png","datePublished":"2017-07-10T20:33:28+00:00","dateModified":"2025-04-29T09:16:39+00:00","breadcrumb":{"@id":"https:\/\/usasim.digiperksmarketing.com\/product\/usa-sim-blue-3\/#breadcrumb"},"inLanguage":"fr-FR","potentialAction":[{"@type":"ReadAction","target":["https:\/\/usasim.digiperksmarketing.com\/product\/usa-sim-blue-3\/"]}]},{"@type":"ImageObject","inLanguage":"fr-FR","@id":"https:\/\/usasim.digiperksmarketing.com\/product\/usa-sim-blue-3\/#primaryimage","url":"https:\/\/usasim.digiperksmarketing.com\/wp-content\/uploads\/2016\/08\/sim-card-usasim.png","contentUrl":"https:\/\/usasim.digiperksmarketing.com\/wp-content\/uploads\/2016\/08\/sim-card-usasim.png","width":500,"height":400,"caption":"USA Sim Gold: Simkaart vs kopen"},{"@type":"BreadcrumbList","@id":"https:\/\/usasim.digiperksmarketing.com\/product\/usa-sim-blue-3\/#breadcrumb","itemListElement":[{"@type":"ListItem","position":1,"name":"Home","item":"https:\/\/usasim.digiperksmarketing.com\/"},{"@type":"ListItem","position":2,"name":"Winkel","item":"https:\/\/usasim.digiperksmarketing.com\/winkel\/"},{"@type":"ListItem","position":3,"name":"USA SIM BLUE"}]},{"@type":"WebSite","@id":"https:\/\/usasim.digiperksmarketing.com\/#website","url":"https:\/\/usasim.digiperksmarketing.com\/","name":"SIM USA","description":"Carte SIM am\u00e9ricaine","potentialAction":[{"@type":"SearchAction","target":{"@type":"EntryPoint","urlTemplate":"https:\/\/usasim.digiperksmarketing.com\/?s={search_term_string}"},"query-input":{"@type":"PropertyValueSpecification","valueRequired":true,"valueName":"search_term_string"}}],"inLanguage":"fr-FR"}]}},"_links":{"self":[{"href":"https:\/\/usasim.digiperksmarketing.com\/fr\/wp-json\/wp\/v2\/product\/4716","targetHints":{"allow":["GET"]}}],"collection":[{"href":"https:\/\/usasim.digiperksmarketing.com\/fr\/wp-json\/wp\/v2\/product"}],"about":[{"href":"https:\/\/usasim.digiperksmarketing.com\/fr\/wp-json\/wp\/v2\/types\/product"}],"replies":[{"embeddable":true,"href":"https:\/\/usasim.digiperksmarketing.com\/fr\/wp-json\/wp\/v2\/comments?post=4716"}],"wp:featuredmedia":[{"embeddable":true,"href":"https:\/\/usasim.digiperksmarketing.com\/fr\/wp-json\/wp\/v2\/media\/75"}],"wp:attachment":[{"href":"https:\/\/usasim.digiperksmarketing.com\/fr\/wp-json\/wp\/v2\/media?parent=4716"}],"wp:term":[{"taxonomy":"product_brand","embeddable":true,"href":"https:\/\/usasim.digiperksmarketing.com\/fr\/wp-json\/wp\/v2\/product_brand?post=4716"},{"taxonomy":"product_cat","embeddable":true,"href":"https:\/\/usasim.digiperksmarketing.com\/fr\/wp-json\/wp\/v2\/product_cat?post=4716"},{"taxonomy":"product_tag","embeddable":true,"href":"https:\/\/usasim.digiperksmarketing.com\/fr\/wp-json\/wp\/v2\/product_tag?post=4716"}],"curies":[{"name":"wp","href":"https:\/\/api.w.org\/{rel}","templated":true}]}}